{"id":2422,"date":"2012-10-10T09:08:34","date_gmt":"2012-10-10T07:08:34","guid":{"rendered":"http:\/\/www.adp.fdv.uni-lj.si\/blog\/"},"modified":"2016-06-06T08:53:43","modified_gmt":"2016-06-06T06:53:43","slug":"stik","status":"publish","type":"page","link":"https:\/\/www.adp.fdv.uni-lj.si\/blog\/stik\/","title":{"rendered":"V stiku z nami"},"content":{"rendered":"<h1>Pridru\u017eite se nam na:<\/h1>\n<p>&nbsp;<\/p>\n<table style=\"width: 100%;\" border=\"0\">\n<tbody>\n<tr>\n<td><a href=\"https:\/\/twitter.com\/ArhivPodatkov\" target=\"_blank\"><img loading=\"lazy\" decoding=\"async\" class=\"alignright\" style=\"border: 0px;\" title=\"Twitter\" src=\"http:\/\/www.adp.fdv.uni-lj.si\/blog\/wp-content\/uploads\/2012\/10\/twitter-icon.png\" alt=\"\" width=\"77\" height=\"77\" border=\"0\" \/><\/a><\/td>\n<td>\n<h2>Twitter: <a href=\"https:\/\/twitter.com\/ArhivPodatkov\" target=\"_blank\">@ArhivPodatkov<\/a><\/h2>\n<p><strong>#NovaRaziskava<\/strong> za novo objavljeno raziskavo na Arhivu dru\u017eboslovnih podatkov<br \/>\n<strong>#odpp10<\/strong> teme vezane na odprte podatke<\/td>\n<\/tr>\n<tr>\n<td><a href=\"https:\/\/www.facebook.com\/Arhiv.Druzboslovnih.Podatkov\" target=\"_blank\"><img loading=\"lazy\" decoding=\"async\" class=\"alignright\" style=\"border: 0px;\" title=\"Facebook\" src=\"http:\/\/www.adp.fdv.uni-lj.si\/blog\/wp-content\/uploads\/2012\/10\/facebook-icon.png\" alt=\"\" width=\"77\" height=\"77\" \/><\/a><\/td>\n<td>\n<h2>Facebook: <a href=\"https:\/\/www.facebook.com\/Arhiv.Druzboslovnih.Podatkov\" target=\"_blank\">Arhiv dru\u017eboslovnih podatkov<\/a><\/h2>\n<\/td>\n<\/tr>\n<tr>\n<td><a href=\"http:\/\/www.mendeley.com\/groups\/1213401\/arhiv-dru%C5%BEboslovnih-podatkov\/papers\/\" target=\"_blank\"> <img loading=\"lazy\" decoding=\"async\" class=\"alignright\" style=\"border: 0px none;\" title=\"Mendeley\" src=\"http:\/\/www.adp.fdv.uni-lj.si\/blog\/wp-content\/uploads\/2012\/10\/mendeley-icon.png\" alt=\"\" width=\"77\" height=\"77\" \/><\/a><\/td>\n<td>\n<h2><a href=\"http:\/\/www.mendeley.com\/groups\/1213401\/arhiv-dru%C5%BEboslovnih-podatkov\/papers\/\" target=\"_blank\">Mendeley<\/a><\/h2>\n<\/td>\n<\/tr>\n<tr>\n<td><a href=\"http:\/\/www.youtube.com\/user\/ArhivPodatkov\/\" target=\"_blank\"><img loading=\"lazy\" decoding=\"async\" class=\"alignright\" style=\"border: 0px none;\" title=\"Youtube\" src=\"http:\/\/www.adp.fdv.uni-lj.si\/blog\/wp-content\/uploads\/2012\/10\/youtube-icon.png\" alt=\"\" width=\"77\" height=\"77\" \/><\/a><\/td>\n<td>\n<h2><a href=\"http:\/\/www.youtube.com\/user\/ArhivPodatkov\/\" target=\"_blank\">Youtube<\/a><\/h2>\n<\/td>\n<\/tr>\n<\/tbody>\n<\/table>\n<p><a href=\"http:\/\/www.google.com\/reader\/public\/atom\/user\/12804232521780760116\/state\/com.google\/starred\" target=\"_blank\"><img loading=\"lazy\" decoding=\"async\" class=\"alignright\" style=\"border: 0px none;\" title=\"RSS\" src=\"http:\/\/www.adp.fdv.uni-lj.si\/blog\/wp-content\/uploads\/2012\/10\/rss-icon.png\" alt=\"\" width=\"77\" height=\"77\" \/><\/a><br \/>\n<script src=\"http:\/\/www.google.com\/reader\/ui\/publisher-sl.js\" type=\"text\/javascript\"><\/script><script src=\"http:\/\/www.google.com\/reader\/public\/javascript\/user\/12804232521780760116\/state\/com.google\/starred?n=10&amp;callback=GRC_p(%7Bc%3A%22gray%22%2Ct%3A%22Novice%20iz%20sveta%22%2Cs%3A%22true%22%2Cn%3A%22false%22%2Cb%3A%22false%22%7D)%3Bnew%20GRC\" type=\"text\/javascript\"><\/script><\/p>\n","protected":false},"excerpt":{"rendered":"<p>Pridru\u017eite se nam na: &nbsp; Twitter: @ArhivPodatkov #NovaRaziskava za novo objavljeno raziskavo na Arhivu dru\u017eboslovnih podatkov #odpp10 teme vezane na odprte podatke Facebook: Arhiv dru\u017eboslovnih podatkov Mendeley Youtube<\/p>\n","protected":false},"author":20,"featured_media":2878,"parent":0,"menu_order":0,"comment_status":"closed","ping_status":"closed","template":"","meta":{"_monsterinsights_skip_tracking":false,"_monsterinsights_sitenote_active":false,"_monsterinsights_sitenote_note":"","_monsterinsights_sitenote_category":0,"footnotes":""},"class_list":["post-2422","page","type-page","status-publish","has-post-thumbnail","hentry"],"aioseo_notices":[],"_links":{"self":[{"href":"https:\/\/www.adp.fdv.uni-lj.si\/blog\/wp-json\/wp\/v2\/pages\/2422","targetHints":{"allow":["GET"]}}],"collection":[{"href":"https:\/\/www.adp.fdv.uni-lj.si\/blog\/wp-json\/wp\/v2\/pages"}],"about":[{"href":"https:\/\/www.adp.fdv.uni-lj.si\/blog\/wp-json\/wp\/v2\/types\/page"}],"author":[{"embeddable":true,"href":"https:\/\/www.adp.fdv.uni-lj.si\/blog\/wp-json\/wp\/v2\/users\/20"}],"replies":[{"embeddable":true,"href":"https:\/\/www.adp.fdv.uni-lj.si\/blog\/wp-json\/wp\/v2\/comments?post=2422"}],"version-history":[{"count":62,"href":"https:\/\/www.adp.fdv.uni-lj.si\/blog\/wp-json\/wp\/v2\/pages\/2422\/revisions"}],"predecessor-version":[{"id":4201,"href":"https:\/\/www.adp.fdv.uni-lj.si\/blog\/wp-json\/wp\/v2\/pages\/2422\/revisions\/4201"}],"wp:featuredmedia":[{"embeddable":true,"href":"https:\/\/www.adp.fdv.uni-lj.si\/blog\/wp-json\/wp\/v2\/media\/2878"}],"wp:attachment":[{"href":"https:\/\/www.adp.fdv.uni-lj.si\/blog\/wp-json\/wp\/v2\/media?parent=2422"}],"curies":[{"name":"wp","href":"https:\/\/api.w.org\/{rel}","templated":true}]}}